{"id":14983,"date":"2016-03-03T14:08:29","date_gmt":"2016-03-03T13:08:29","guid":{"rendered":"http:\/\/www.salonduchampagne.eu\/?page_id=14983\/"},"modified":"2022-09-28T15:54:17","modified_gmt":"2022-09-28T14:54:17","slug":"salon-du-champagne","status":"publish","type":"page","link":"https:\/\/brusselschampagnefestival.be\/nl\/","title":{"rendered":"Brussels Champagne Festival"},"content":{"rendered":"<p>[vc_row][vc_column]<div class=\"clearboth\"><\/div><div class=\"sc-divider\" style=\"margin-bottom: 1px;\"><\/div>[\/vc_column][\/vc_row][vc_row][vc_column][vc_column_text]<\/p>\n<h2 style=\"text-align: center;\">Brussels Champagne Festival<\/h2>\n<p>[\/vc_column_text][vc_column_text]<\/p>\n<div class=\"page\" title=\"Page 1\">\n<div class=\"layoutArea\">\n<div class=\"column\">\n<p>Naast de 6 trouwbeurzen van Brussel, Libramont, Bergen, Luik, Namen en Charleroi, organiseert AP Events voor de derde keer het <strong>Brussels Champagne Festival<\/strong>. Dit zal plaatsvinden op hetzelfde tijdstip als de Brusselse trouwbeurs.<\/p>\n<\/div>\n<\/div>\n<\/div>\n<p>[\/vc_column_text][vc_empty_space][vc_row_inner][vc_column_inner width=&#8221;1\/2&#8243;][vc_column_text]Het <strong>Brussels Champagne Festival<\/strong> is twee dagen lang gewijd aan het ontdekken en proeven van grote en kleine champagnemerken.<br \/>\nTrakteer uzelf op een coupe of een fles om ter plaatse te drinken met familie of vrienden.<\/p>\n<p>Profiteer van de beursaanbiedingen, bestel uw champagne ter plaatse en neem ze mee. Muziek, animatie, oesters en andere delicatessen worden u het hele weekend aangeboden voor een feestelijke en gastronomische sfeer.[\/vc_column_text][\/vc_column_inner][vc_column_inner width=&#8221;1\/2&#8243;][vc_single_image image=&#8221;15240&#8243; img_size=&#8221;full&#8221; alignment=&#8221;center&#8221;][\/vc_column_inner][\/vc_row_inner][\/vc_column][\/vc_row][vc_row][vc_column][vc_row_inner][vc_column_inner width=&#8221;1\/2&#8243;][vc_single_image image=&#8221;15249&#8243; img_size=&#8221;full&#8221; alignment=&#8221;center&#8221;][\/vc_column_inner][vc_column_inner width=&#8221;1\/2&#8243;][vc_column_text]Er nemen een twintigtal champagneproducenten deel aan het <strong>Brussels Champagne Festival<\/strong>.<\/p>\n<p>Dit champagnefestival is toegankelijk voor zowel particulieren als voor professionals. Bezoekers kunnen ter plaatse de aanwezige producenten ontmoeten en hun bestellingen plaatsen om tijdig te worden geleverd voor de eindejaarsfeesten.<\/p>\n<p>Champagne is een wijn die elke dag gedronken kan worden. Onder andere omdat het goed past bij quasi elk gerecht. Champagnes zijn zodanig divers, met de nodige complexiteit, zodat er voor elke smaak wat wils is.[\/vc_column_text][\/vc_column_inner][\/vc_row_inner][vc_empty_space][vc_column_text]<\/p>\n<h3>Grote consumptie van champagne in Belgi\u00eb<\/h3>\n<p><span lang=\"FR-BE\">Begli\u00eb blijft zeer belangrijk voor de Franse champagneproducenten. Het is de zesde champagnemarkt met 5,57% van alle uitvoer van champagneflessen. Het in Belgi\u00eb verbruikte volume is gestegen met 6,7% en de inkomsten met 15%. Deze stijging wordt veroorzaakt door de diversificatie van de champagneconsumptie en de interesse van belgische consumenten voor de hogere klasse, met een groeiende interesse voor de speciale cuv\u00e9es, ros\u00e9 champagnes en de mill\u00e9simes. <\/span>[\/vc_column_text][\/vc_column][\/vc_row][vc_row][vc_column][vc_empty_space][\/vc_column][\/vc_row][vc_row][vc_column width=&#8221;1\/3&#8243;][\/vc_column][vc_column width=&#8221;1\/3&#8243;][vc_btn title=&#8221;Koop je tickets&#8221; color=&#8221;danger&#8221; size=&#8221;lg&#8221; align=&#8221;center&#8221; button_block=&#8221;true&#8221; link=&#8221;url:https%3A%2F%2Fwww.salonduchampagne.eu%2Fnl%2Ftickets%2Fchampagne-2019%2F||target:%20_blank|&#8221;][\/vc_column][vc_column width=&#8221;1\/3&#8243;][\/vc_column][\/vc_row][vc_row][vc_column width=&#8221;1\/4&#8243;][vc_column_text el_id=&#8221;250*250 n\u00b01&#8243;]<\/p>\n<p style=\"text-align: center;\"><div class='adziner-adzone adziner-rotate adziner-interval' data-rotate='time' data-id='4'  data-interval='3' style=''><a href='https:\/\/brusselschampagnefestival.be\/adziner\/21' data-id='4' data-banner-id='21' class='active' target='_blank'><img src='http:\/\/i420iaukfd.preview.infomaniak.website\/wp-content\/uploads\/2022\/05\/Le-Gallais-1.jpg'><\/a><a href='https:\/\/brusselschampagnefestival.be\/adziner\/8' data-id='4' data-banner-id='8' class='hide' target='_blank'><img src='http:\/\/i420iaukfd.preview.infomaniak.website\/wp-content\/uploads\/2018\/07\/Logo-Champagne-Benoit-Gallet.jpg'><\/a><\/div>\n<p>[\/vc_column_text][\/vc_column][vc_column width=&#8221;1\/4&#8243;][vc_column_text el_id=&#8221;250*250 n\u00b02&#8243;]<\/p>\n<p style=\"text-align: center;\"><div class='adziner-adzone adziner-rotate adziner-interval' data-rotate='time' data-id='5'  data-interval='2' style=''><a href='https:\/\/brusselschampagnefestival.be\/adziner\/15' data-id='5' data-banner-id='15' class='active' target='_blank'><img src='http:\/\/i420iaukfd.preview.infomaniak.website\/wp-content\/uploads\/2018\/07\/Logo-Champagne-Damien-Buffet.jpg'><\/a><\/div>\n<p>[\/vc_column_text][\/vc_column][vc_column width=&#8221;1\/4&#8243;][vc_column_text el_id=&#8221;250*250 n\u00b03&#8243;]<\/p>\n<p style=\"text-align: center;\"><div class='adziner-adzone adziner-rotate adziner-interval' data-rotate='time' data-id='6'  data-interval='3' style=''><a href='https:\/\/brusselschampagnefestival.be\/adziner\/19' data-id='6' data-banner-id='19' class='active' target='_blank'><img src='http:\/\/i420iaukfd.preview.infomaniak.website\/wp-content\/uploads\/2019\/07\/PiclaNewBaselineFRNLCarre\u0301.jpg'><\/a><a href='https:\/\/brusselschampagnefestival.be\/adziner\/16' data-id='6' data-banner-id='16' class='hide' target='_blank'><img src='http:\/\/i420iaukfd.preview.infomaniak.website\/wp-content\/uploads\/2019\/04\/Logo-James-Geoffrey.jpg'><\/a><\/div>\n<p>[\/vc_column_text][\/vc_column][vc_column width=&#8221;1\/4&#8243;][vc_column_text el_id=&#8221;250*250 n\u00b04&#8243;]<\/p>\n<p style=\"text-align: center;\"><div class='adziner-adzone adziner-rotate adziner-interval' data-rotate='time' data-id='7'  data-interval='2' style=''><a href='https:\/\/brusselschampagnefestival.be\/adziner\/20' data-id='7' data-banner-id='20' class='active' target='_blank'><img src='https:\/\/brusselschampagnefestival.be\/wp-content\/uploads\/2022\/10\/Logo-Lehmann.png'><\/a><\/div>\n<p>[\/vc_column_text][\/vc_column][\/vc_row]<\/p>\n","protected":false},"excerpt":{"rendered":"<p>[vc_row][vc_column][\/vc_column][\/vc_row][vc_row][vc_column][vc_column_text] Brussels Champagne Festival [\/vc_column_text][vc_column_text] Naast de 6 trouwbeurzen van Brussel, Libramont, Bergen, Luik, Namen en Charleroi, organiseert AP Events&#8230;<\/p>\n","protected":false},"author":1,"featured_media":0,"parent":0,"menu_order":0,"comment_status":"closed","ping_status":"closed","template":"","meta":{"footnotes":""},"class_list":["post-14983","page","type-page","status-publish","hentry"],"yoast_head":"<!-- This site is optimized with the Yoast SEO plugin v27.3 - https:\/\/yoast.com\/product\/yoast-seo-wordpress\/ -->\n<title>De eerst Champagne beurs van Belg\u00efe<\/title>\n<meta name=\"description\" content=\"De Champagne Fair, dit zijn drie dagen gewijd aan het ontdekken en proeven van grote en kleine merken in Champagne. De champagnemarkt is booming, huizen innoveren steeds meer.\" \/>\n<meta name=\"robots\" content=\"index, follow, max-snippet:-1, max-image-preview:large, max-video-preview:-1\" \/>\n<link rel=\"canonical\" href=\"https:\/\/brusselschampagnefestival.be\/nl\/\" \/>\n<meta property=\"og:locale\" content=\"nl_NL\" \/>\n<meta property=\"og:type\" content=\"article\" \/>\n<meta property=\"og:title\" content=\"De eerst Champagne beurs van Belg\u00efe\" \/>\n<meta property=\"og:description\" content=\"De Champagne Fair, dit zijn drie dagen gewijd aan het ontdekken en proeven van grote en kleine merken in Champagne. De champagnemarkt is booming, huizen innoveren steeds meer.\" \/>\n<meta property=\"og:url\" content=\"https:\/\/brusselschampagnefestival.be\/nl\/\" \/>\n<meta property=\"og:site_name\" content=\"Salon du Champagne de Bruxelles\" \/>\n<meta property=\"article:modified_time\" content=\"2022-09-28T14:54:17+00:00\" \/>\n<meta name=\"twitter:card\" content=\"summary_large_image\" \/>\n<meta name=\"twitter:label1\" content=\"Geschatte leestijd\" \/>\n\t<meta name=\"twitter:data1\" content=\"2 minuten\" \/>\n<script type=\"application\/ld+json\" class=\"yoast-schema-graph\">{\"@context\":\"https:\\\/\\\/schema.org\",\"@graph\":[{\"@type\":\"WebPage\",\"@id\":\"https:\\\/\\\/brusselschampagnefestival.be\\\/nl\\\/\",\"url\":\"https:\\\/\\\/brusselschampagnefestival.be\\\/nl\\\/\",\"name\":\"De eerst Champagne beurs van Belg\u00efe\",\"isPartOf\":{\"@id\":\"https:\\\/\\\/brusselschampagnefestival.be\\\/#website\"},\"datePublished\":\"2016-03-03T13:08:29+00:00\",\"dateModified\":\"2022-09-28T14:54:17+00:00\",\"description\":\"De Champagne Fair, dit zijn drie dagen gewijd aan het ontdekken en proeven van grote en kleine merken in Champagne. De champagnemarkt is booming, huizen innoveren steeds meer.\",\"breadcrumb\":{\"@id\":\"https:\\\/\\\/brusselschampagnefestival.be\\\/nl\\\/#breadcrumb\"},\"inLanguage\":\"nl-NL\",\"potentialAction\":[{\"@type\":\"ReadAction\",\"target\":[\"https:\\\/\\\/brusselschampagnefestival.be\\\/nl\\\/\"]}]},{\"@type\":\"BreadcrumbList\",\"@id\":\"https:\\\/\\\/brusselschampagnefestival.be\\\/nl\\\/#breadcrumb\",\"itemListElement\":[{\"@type\":\"ListItem\",\"position\":1,\"name\":\"Accueil\",\"item\":\"https:\\\/\\\/brusselschampagnefestival.be\\\/nl\\\/\"},{\"@type\":\"ListItem\",\"position\":2,\"name\":\"Brussels Champagne Festival\"}]},{\"@type\":\"WebSite\",\"@id\":\"https:\\\/\\\/brusselschampagnefestival.be\\\/#website\",\"url\":\"https:\\\/\\\/brusselschampagnefestival.be\\\/\",\"name\":\"Salon du Champagne de Bruxelles\",\"description\":\"\",\"potentialAction\":[{\"@type\":\"SearchAction\",\"target\":{\"@type\":\"EntryPoint\",\"urlTemplate\":\"https:\\\/\\\/brusselschampagnefestival.be\\\/?s={search_term_string}\"},\"query-input\":{\"@type\":\"PropertyValueSpecification\",\"valueRequired\":true,\"valueName\":\"search_term_string\"}}],\"inLanguage\":\"nl-NL\"}]}<\/script>\n<!-- \/ Yoast SEO plugin. -->","yoast_head_json":{"title":"De eerst Champagne beurs van Belg\u00efe","description":"De Champagne Fair, dit zijn drie dagen gewijd aan het ontdekken en proeven van grote en kleine merken in Champagne. De champagnemarkt is booming, huizen innoveren steeds meer.","robots":{"index":"index","follow":"follow","max-snippet":"max-snippet:-1","max-image-preview":"max-image-preview:large","max-video-preview":"max-video-preview:-1"},"canonical":"https:\/\/brusselschampagnefestival.be\/nl\/","og_locale":"nl_NL","og_type":"article","og_title":"De eerst Champagne beurs van Belg\u00efe","og_description":"De Champagne Fair, dit zijn drie dagen gewijd aan het ontdekken en proeven van grote en kleine merken in Champagne. De champagnemarkt is booming, huizen innoveren steeds meer.","og_url":"https:\/\/brusselschampagnefestival.be\/nl\/","og_site_name":"Salon du Champagne de Bruxelles","article_modified_time":"2022-09-28T14:54:17+00:00","twitter_card":"summary_large_image","twitter_misc":{"Geschatte leestijd":"2 minuten"},"schema":{"@context":"https:\/\/schema.org","@graph":[{"@type":"WebPage","@id":"https:\/\/brusselschampagnefestival.be\/nl\/","url":"https:\/\/brusselschampagnefestival.be\/nl\/","name":"De eerst Champagne beurs van Belg\u00efe","isPartOf":{"@id":"https:\/\/brusselschampagnefestival.be\/#website"},"datePublished":"2016-03-03T13:08:29+00:00","dateModified":"2022-09-28T14:54:17+00:00","description":"De Champagne Fair, dit zijn drie dagen gewijd aan het ontdekken en proeven van grote en kleine merken in Champagne. De champagnemarkt is booming, huizen innoveren steeds meer.","breadcrumb":{"@id":"https:\/\/brusselschampagnefestival.be\/nl\/#breadcrumb"},"inLanguage":"nl-NL","potentialAction":[{"@type":"ReadAction","target":["https:\/\/brusselschampagnefestival.be\/nl\/"]}]},{"@type":"BreadcrumbList","@id":"https:\/\/brusselschampagnefestival.be\/nl\/#breadcrumb","itemListElement":[{"@type":"ListItem","position":1,"name":"Accueil","item":"https:\/\/brusselschampagnefestival.be\/nl\/"},{"@type":"ListItem","position":2,"name":"Brussels Champagne Festival"}]},{"@type":"WebSite","@id":"https:\/\/brusselschampagnefestival.be\/#website","url":"https:\/\/brusselschampagnefestival.be\/","name":"Salon du Champagne de Bruxelles","description":"","potentialAction":[{"@type":"SearchAction","target":{"@type":"EntryPoint","urlTemplate":"https:\/\/brusselschampagnefestival.be\/?s={search_term_string}"},"query-input":{"@type":"PropertyValueSpecification","valueRequired":true,"valueName":"search_term_string"}}],"inLanguage":"nl-NL"}]}},"_links":{"self":[{"href":"https:\/\/brusselschampagnefestival.be\/nl\/wp-json\/wp\/v2\/pages\/14983","targetHints":{"allow":["GET"]}}],"collection":[{"href":"https:\/\/brusselschampagnefestival.be\/nl\/wp-json\/wp\/v2\/pages"}],"about":[{"href":"https:\/\/brusselschampagnefestival.be\/nl\/wp-json\/wp\/v2\/types\/page"}],"author":[{"embeddable":true,"href":"https:\/\/brusselschampagnefestival.be\/nl\/wp-json\/wp\/v2\/users\/1"}],"replies":[{"embeddable":true,"href":"https:\/\/brusselschampagnefestival.be\/nl\/wp-json\/wp\/v2\/comments?post=14983"}],"version-history":[{"count":19,"href":"https:\/\/brusselschampagnefestival.be\/nl\/wp-json\/wp\/v2\/pages\/14983\/revisions"}],"predecessor-version":[{"id":17650,"href":"https:\/\/brusselschampagnefestival.be\/nl\/wp-json\/wp\/v2\/pages\/14983\/revisions\/17650"}],"wp:attachment":[{"href":"https:\/\/brusselschampagnefestival.be\/nl\/wp-json\/wp\/v2\/media?parent=14983"}],"curies":[{"name":"wp","href":"https:\/\/api.w.org\/{rel}","templated":true}]}}